{"id":3529,"date":"2024-11-21T13:20:04","date_gmt":"2024-11-21T12:20:04","guid":{"rendered":"https:\/\/editions-komorebi.com\/?post_type=product&#038;p=3529"},"modified":"2025-03-03T14:22:41","modified_gmt":"2025-03-03T13:22:41","slug":"fr-un-guide-particulier-du-japon","status":"publish","type":"product","link":"https:\/\/editions-komorebi.com\/en\/product\/fr-un-guide-particulier-du-japon\/","title":{"rendered":"Un Guide Particulier du Japon (French \ud83c\uddeb\ud83c\uddf7)"},"content":{"rendered":"\r\n<h2 class=\"wp-block-heading\"><\/h2>\r\n<h2 class=\"wp-block-heading\"><strong>Dans ce livre, vous trouverez&#8230;<\/strong><\/h2>\r\n<h2 class=\"wp-block-heading\">\r\n\r\n<\/h2>\r\n<ul class=\"wp-block-list\">\r\n<li><strong>Une curation des lieux les plus spectaculaires \u00e0 travers toutes les r\u00e9gions.<\/strong> Notre mission est de mettre en valeur l&#8217;extraordinaire dans l&#8217;ordinaire. Nos 320 pages pr\u00e9sentent plus de 350 lieux, dont des sites hors des sentiers battus, des hauts lieux culturels, des h\u00f4tels design et des restaurants raffin\u00e9s pour tous les budgets, ainsi que des points de vue naturels \u00e0 couper le souffle, s\u00e9lectionn\u00e9s pour les personnes sensibles \u00e0 l&#8217;art, au design, \u00e0 l&#8217;architecture et \u00e0 l&#8217;histoire.<\/li>\r\n\r\n\r\n\r\n<li><strong>Des itin\u00e9raires soigneusement \u00e9labor\u00e9s. <\/strong>Gr\u00e2ce \u00e0 nos circuits hors des sentiers battus ou des propositions de simples promenades en ville, vous pouvez \u00e9quilibrer votre voyage entre des escapades urbaines et des aventures inoubliables dans la nature.<\/li>\r\n\r\n\r\n\r\n<li><strong>Des r\u00e9cits captivants d&#8217;artistes locaux.<\/strong> Laissez-vous inspirer par les artistes, architectes, designers et innovateurs qui transforment la culture japonaise en lisant leurs perspectives sur la culture contemporaine: de la r\u00e9invention des arts traditionnels comme l&#8217;<em>Ikebana<\/em> \u00e0 la renaissance des espaces de bain collectifs par l&#8217;architecture.<\/li>\r\n\r\n\r\n\r\n<li><strong>Des tendances et des initiatives suprenantes. <\/strong>Du retour des salons de caf\u00e9 vintage aux projets urbains innovants tels que le <em>Tokyo Toilet Project<\/em>.<\/li>\r\n\r\n\r\n\r\n<li><strong>Des photographies originales \u00e9poustouflantes.<\/strong> Que vous partiez ou non au Japon, ce livre sera un plaisir \u00e0 feuilleter de par sa conception, son graphisme, et son contenu visuel. Il pr\u00e9sente plus de 250 photos originales mettant en valeur la beaut\u00e9 spectaculaire du Japon, \u00e0 travers toutes les r\u00e9gions<\/li>\r\n<\/ul>\r\n\r\n\r\n\r\n\r\n\r\n<h4 class=\"wp-block-heading\"><\/h4>\r\n<ul class=\"wp-block-list\"><\/ul>\r\n","protected":false},"excerpt":{"rendered":"<p><strong>The French version of our Elevated Guidebook to Japan. Want to order the English version? Click <a href=\"https:\/\/editions-komorebi.com\/en\/product\/an-elevated-guidebook-to-japan\/\">here<\/a>. <\/strong><\/p>\n<p>Nous souhaitons vous inviter \u00e0 un voyage qui c\u00e9l\u00e8bre l\u2019art de prendre le temps, et de cr\u00e9er des souvenirs inoubliables.<\/p>\n<p><!-- \/wp:paragraph --><\/p>\n<p><!-- wp:paragraph --><\/p>\n<p>Ce guide n&#8217;est pas comme les autres. Son objectif est d&#8217;aller au-del\u00e0 du tourisme habituel, en proposant une collection soigneusement \u00e9tudi\u00e9e de tr\u00e9sors cach\u00e9s, de lieux \u00e9poustouflants, d\u2019exp\u00e9riences hors du commun et de r\u00e9cits d\u2019artistes \u00e0 travers toutes les r\u00e9gions. C\u2019est un livre pour les explorateurs curieux qui veulent sortir des sentiers battus et enrichir leurs voyages \u00e0 travers l\u2019art, le design et la culture.<\/p>\n<p>&nbsp;<\/p>\n<p><strong>Language<\/strong>: French<br \/><strong>Delivery: <\/strong>3-day average in France, 4 to 5 business days in Europe. Delivery timings can vary with post office delays and holidays.<\/p>\n","protected":false},"featured_media":5553,"template":"","meta":{"site-sidebar-layout":"default","site-content-layout":"","ast-site-content-layout":"normal-width-container","site-content-style":"default","site-sidebar-style":"default","ast-global-header-display":"","ast-banner-title-visibility":"","ast-main-header-display":"","ast-hfb-above-header-display":"","ast-hfb-below-header-display":"","ast-hfb-mobile-header-display":"","site-post-title":"","ast-breadcrumbs-content":"","ast-featured-img":"","footer-sml-layout":"","ast-disable-related-posts":"","theme-transparent-header-meta":"default","adv-header-id-meta":"","stick-header-meta":"","header-above-stick-meta":"","header-main-stick-meta":"","header-below-stick-meta":"","astra-migrate-meta-layouts":"set","ast-page-background-enabled":"default","ast-page-background-meta":{"desktop":{"background-color":"var(--ast-global-color-4)","background-image":"","background-repeat":"repeat","background-position":"center center","background-size":"auto","background-attachment":"scroll","background-type":"","background-media":"","overlay-type":"","overlay-color":"","overlay-opacity":"","overlay-gradient":""},"tablet":{"background-color":"","background-image":"","background-repeat":"repeat","background-position":"center center","background-size":"auto","background-attachment":"scroll","background-type":"","background-media":"","overlay-type":"","overlay-color":"","overlay-opacity":"","overlay-gradient":""},"mobile":{"background-color":"","background-image":"","background-repeat":"repeat","background-position":"center center","background-size":"auto","background-attachment":"scroll","background-type":"","background-media":"","overlay-type":"","overlay-color":"","overlay-opacity":"","overlay-gradient":""}},"ast-content-background-meta":{"desktop":{"background-color":"var(--ast-global-color-5)","background-image":"","background-repeat":"repeat","background-position":"center center","background-size":"auto","background-attachment":"scroll","background-type":"","background-media":"","overlay-type":"","overlay-color":"","overlay-opacity":"","overlay-gradient":""},"tablet":{"background-color":"var(--ast-global-color-5)","background-image":"","background-repeat":"repeat","background-position":"center center","background-size":"auto","background-attachment":"scroll","background-type":"","background-media":"","overlay-type":"","overlay-color":"","overlay-opacity":"","overlay-gradient":""},"mobile":{"background-color":"var(--ast-global-color-5)","background-image":"","background-repeat":"repeat","background-position":"center center","background-size":"auto","background-attachment":"scroll","background-type":"","background-media":"","overlay-type":"","overlay-color":"","overlay-opacity":"","overlay-gradient":""}}},"product_brand":[],"product_cat":[88],"product_tag":[],"class_list":{"0":"post-3529","1":"product","2":"type-product","3":"status-publish","4":"has-post-thumbnail","6":"product_cat-uncategorized","7":"product_shipping_class-livres-en","8":"desktop-align-left","9":"tablet-align-left","10":"mobile-align-left","12":"first","13":"instock","14":"taxable","15":"shipping-taxable","16":"purchasable","17":"product-type-simple"},"jetpack_sharing_enabled":true,"_links":{"self":[{"href":"https:\/\/editions-komorebi.com\/en\/wp-json\/wp\/v2\/product\/3529","targetHints":{"allow":["GET"]}}],"collection":[{"href":"https:\/\/editions-komorebi.com\/en\/wp-json\/wp\/v2\/product"}],"about":[{"href":"https:\/\/editions-komorebi.com\/en\/wp-json\/wp\/v2\/types\/product"}],"wp:featuredmedia":[{"embeddable":true,"href":"https:\/\/editions-komorebi.com\/en\/wp-json\/wp\/v2\/media\/5553"}],"wp:attachment":[{"href":"https:\/\/editions-komorebi.com\/en\/wp-json\/wp\/v2\/media?parent=3529"}],"wp:term":[{"taxonomy":"product_brand","embeddable":true,"href":"https:\/\/editions-komorebi.com\/en\/wp-json\/wp\/v2\/product_brand?post=3529"},{"taxonomy":"product_cat","embeddable":true,"href":"https:\/\/editions-komorebi.com\/en\/wp-json\/wp\/v2\/product_cat?post=3529"},{"taxonomy":"product_tag","embeddable":true,"href":"https:\/\/editions-komorebi.com\/en\/wp-json\/wp\/v2\/product_tag?post=3529"}],"curies":[{"name":"wp","href":"https:\/\/api.w.org\/{rel}","templated":true}]}}